{"id":3912,"date":"2016-04-25T14:28:20","date_gmt":"2016-04-25T11:28:20","guid":{"rendered":"http:\/\/tosine.fi\/?page_id=3912"},"modified":"2026-01-09T22:10:18","modified_gmt":"2026-01-09T20:10:18","slug":"haalarimerkit","status":"publish","type":"page","link":"https:\/\/tosine.fi\/?page_id=3912","title":{"rendered":"Haalarimerkit"},"content":{"rendered":"<h4 style=\"text-align: left;\"><span style=\"color: #993300;\"><strong>TOSINE RY:N KIITETYT JA KIISTELLYT HAALARIMERKIT &#8211; nyt sinunkin saatavillasi!\u00a0<\/strong><\/span><\/h4>\n<div id='gallery-1' class='gallery galleryid-3912 gallery-columns-3 gallery-size-full'><figure class='gallery-item'>\n\t\t\t<div class='gallery-icon landscape'>\n\t\t\t\t<a href='https:\/\/tosine.fi\/?attachment_id=8219'><img loading=\"lazy\" decoding=\"async\" width=\"1209\" height=\"1196\" src=\"https:\/\/tosine.fi\/wp-content\/uploads\/2025\/01\/EipaKestaStalin.jpeg\" class=\"attachment-full size-full\" alt=\"\" aria-describedby=\"gallery-1-8219\" srcset=\"https:\/\/tosine.fi\/wp-content\/uploads\/2025\/01\/EipaKestaStalin.jpeg 1209w, https:\/\/tosine.fi\/wp-content\/uploads\/2025\/01\/EipaKestaStalin-768x760.jpeg 768w, https:\/\/tosine.fi\/wp-content\/uploads\/2025\/01\/EipaKestaStalin-100x100.jpeg 100w\" sizes=\"auto, 100vw\" \/><\/a>\n\t\t\t<\/div>\n\t\t\t\t<figcaption class='wp-caption-text gallery-caption' id='gallery-1-8219'>\n\t\t\t\tStalin\n\t\t\t\t<\/figcaption><\/figure><figure class='gallery-item'>\n\t\t\t<div class='gallery-icon landscape'>\n\t\t\t\t<a href='https:\/\/tosine.fi\/?attachment_id=8220'><img loading=\"lazy\" decoding=\"async\" width=\"1209\" height=\"1196\" src=\"https:\/\/tosine.fi\/wp-content\/uploads\/2025\/01\/Gorbatsov.jpeg\" class=\"attachment-full size-full\" alt=\"\" aria-describedby=\"gallery-1-8220\" srcset=\"https:\/\/tosine.fi\/wp-content\/uploads\/2025\/01\/Gorbatsov.jpeg 1209w, https:\/\/tosine.fi\/wp-content\/uploads\/2025\/01\/Gorbatsov-768x760.jpeg 768w, https:\/\/tosine.fi\/wp-content\/uploads\/2025\/01\/Gorbatsov-100x100.jpeg 100w\" sizes=\"auto, 100vw\" \/><\/a>\n\t\t\t<\/div>\n\t\t\t\t<figcaption class='wp-caption-text gallery-caption' id='gallery-1-8220'>\n\t\t\t\tGorbat\u0161ov\n\t\t\t\t<\/figcaption><\/figure><figure class='gallery-item'>\n\t\t\t<div class='gallery-icon landscape'>\n\t\t\t\t<a href='https:\/\/tosine.fi\/?attachment_id=8221'><img loading=\"lazy\" decoding=\"async\" width=\"1209\" height=\"1196\" src=\"https:\/\/tosine.fi\/wp-content\/uploads\/2025\/01\/Mannerslay.jpeg\" class=\"attachment-full size-full\" alt=\"\" aria-describedby=\"gallery-1-8221\" srcset=\"https:\/\/tosine.fi\/wp-content\/uploads\/2025\/01\/Mannerslay.jpeg 1209w, https:\/\/tosine.fi\/wp-content\/uploads\/2025\/01\/Mannerslay-768x760.jpeg 768w, https:\/\/tosine.fi\/wp-content\/uploads\/2025\/01\/Mannerslay-100x100.jpeg 100w\" sizes=\"auto, 100vw\" \/><\/a>\n\t\t\t<\/div>\n\t\t\t\t<figcaption class='wp-caption-text gallery-caption' id='gallery-1-8221'>\n\t\t\t\tMannerslay\n\t\t\t\t<\/figcaption><\/figure><figure class='gallery-item'>\n\t\t\t<div class='gallery-icon landscape'>\n\t\t\t\t<a href='https:\/\/tosine.fi\/?attachment_id=8222'><img loading=\"lazy\" decoding=\"async\" width=\"1209\" height=\"1196\" src=\"https:\/\/tosine.fi\/wp-content\/uploads\/2025\/01\/NapoleonBorn2Party.jpeg\" class=\"attachment-full size-full\" alt=\"\" aria-describedby=\"gallery-1-8222\" srcset=\"https:\/\/tosine.fi\/wp-content\/uploads\/2025\/01\/NapoleonBorn2Party.jpeg 1209w, https:\/\/tosine.fi\/wp-content\/uploads\/2025\/01\/NapoleonBorn2Party-768x760.jpeg 768w, https:\/\/tosine.fi\/wp-content\/uploads\/2025\/01\/NapoleonBorn2Party-100x100.jpeg 100w\" sizes=\"auto, 100vw\" \/><\/a>\n\t\t\t<\/div>\n\t\t\t\t<figcaption class='wp-caption-text gallery-caption' id='gallery-1-8222'>\n\t\t\t\tNapoleon\n\t\t\t\t<\/figcaption><\/figure><figure class='gallery-item'>\n\t\t\t<div class='gallery-icon landscape'>\n\t\t\t\t<a href='https:\/\/tosine.fi\/?attachment_id=8223'><img loading=\"lazy\" decoding=\"async\" width=\"1209\" height=\"1196\" src=\"https:\/\/tosine.fi\/wp-content\/uploads\/2025\/01\/SalmarinUnioni.jpeg\" class=\"attachment-full size-full\" alt=\"\" aria-describedby=\"gallery-1-8223\" srcset=\"https:\/\/tosine.fi\/wp-content\/uploads\/2025\/01\/SalmarinUnioni.jpeg 1209w, https:\/\/tosine.fi\/wp-content\/uploads\/2025\/01\/SalmarinUnioni-768x760.jpeg 768w, https:\/\/tosine.fi\/wp-content\/uploads\/2025\/01\/SalmarinUnioni-100x100.jpeg 100w\" sizes=\"auto, 100vw\" \/><\/a>\n\t\t\t<\/div>\n\t\t\t\t<figcaption class='wp-caption-text gallery-caption' id='gallery-1-8223'>\n\t\t\t\tSalmarin Unioni\n\t\t\t\t<\/figcaption><\/figure><figure class='gallery-item'>\n\t\t\t<div class='gallery-icon landscape'>\n\t\t\t\t<a href='https:\/\/tosine.fi\/?attachment_id=8224'><img loading=\"lazy\" decoding=\"async\" width=\"1209\" height=\"1196\" src=\"https:\/\/tosine.fi\/wp-content\/uploads\/2025\/01\/SuurempiSuomi.jpeg\" class=\"attachment-full size-full\" alt=\"\" aria-describedby=\"gallery-1-8224\" srcset=\"https:\/\/tosine.fi\/wp-content\/uploads\/2025\/01\/SuurempiSuomi.jpeg 1209w, https:\/\/tosine.fi\/wp-content\/uploads\/2025\/01\/SuurempiSuomi-768x760.jpeg 768w, https:\/\/tosine.fi\/wp-content\/uploads\/2025\/01\/SuurempiSuomi-100x100.jpeg 100w\" sizes=\"auto, 100vw\" \/><\/a>\n\t\t\t<\/div>\n\t\t\t\t<figcaption class='wp-caption-text gallery-caption' id='gallery-1-8224'>\n\t\t\t\tSuurempi Suomi\n\t\t\t\t<\/figcaption><\/figure><figure class='gallery-item'>\n\t\t\t<div class='gallery-icon landscape'>\n\t\t\t\t<a href='https:\/\/tosine.fi\/?attachment_id=8225'><img loading=\"lazy\" decoding=\"async\" width=\"1209\" height=\"1196\" src=\"https:\/\/tosine.fi\/wp-content\/uploads\/2025\/01\/SWAC.jpeg\" class=\"attachment-full size-full\" alt=\"\" aria-describedby=\"gallery-1-8225\" srcset=\"https:\/\/tosine.fi\/wp-content\/uploads\/2025\/01\/SWAC.jpeg 1209w, https:\/\/tosine.fi\/wp-content\/uploads\/2025\/01\/SWAC-768x760.jpeg 768w, https:\/\/tosine.fi\/wp-content\/uploads\/2025\/01\/SWAC-100x100.jpeg 100w\" sizes=\"auto, 100vw\" \/><\/a>\n\t\t\t<\/div>\n\t\t\t\t<figcaption class='wp-caption-text gallery-caption' id='gallery-1-8225'>\n\t\t\t\tSWAC\n\t\t\t\t<\/figcaption><\/figure><figure class='gallery-item'>\n\t\t\t<div class='gallery-icon landscape'>\n\t\t\t\t<a href='https:\/\/tosine.fi\/?attachment_id=8226'><img loading=\"lazy\" decoding=\"async\" width=\"1209\" height=\"1196\" src=\"https:\/\/tosine.fi\/wp-content\/uploads\/2025\/01\/Titanic.jpeg\" class=\"attachment-full size-full\" alt=\"\" aria-describedby=\"gallery-1-8226\" srcset=\"https:\/\/tosine.fi\/wp-content\/uploads\/2025\/01\/Titanic.jpeg 1209w, https:\/\/tosine.fi\/wp-content\/uploads\/2025\/01\/Titanic-768x760.jpeg 768w, https:\/\/tosine.fi\/wp-content\/uploads\/2025\/01\/Titanic-100x100.jpeg 100w\" sizes=\"auto, 100vw\" \/><\/a>\n\t\t\t<\/div>\n\t\t\t\t<figcaption class='wp-caption-text gallery-caption' id='gallery-1-8226'>\n\t\t\t\tTitanic\n\t\t\t\t<\/figcaption><\/figure><figure class='gallery-item'>\n\t\t\t<div class='gallery-icon landscape'>\n\t\t\t\t<a href='https:\/\/tosine.fi\/?attachment_id=8227'><img loading=\"lazy\" decoding=\"async\" width=\"1209\" height=\"1196\" src=\"https:\/\/tosine.fi\/wp-content\/uploads\/2025\/01\/Tosimus.jpeg\" class=\"attachment-full size-full\" alt=\"\" aria-describedby=\"gallery-1-8227\" srcset=\"https:\/\/tosine.fi\/wp-content\/uploads\/2025\/01\/Tosimus.jpeg 1209w, https:\/\/tosine.fi\/wp-content\/uploads\/2025\/01\/Tosimus-768x760.jpeg 768w, https:\/\/tosine.fi\/wp-content\/uploads\/2025\/01\/Tosimus-100x100.jpeg 100w\" sizes=\"auto, 100vw\" \/><\/a>\n\t\t\t<\/div>\n\t\t\t\t<figcaption class='wp-caption-text gallery-caption' id='gallery-1-8227'>\n\t\t\t\tTosimus\n\t\t\t\t<\/figcaption><\/figure><figure class='gallery-item'>\n\t\t\t<div class='gallery-icon landscape'>\n\t\t\t\t<a href='https:\/\/tosine.fi\/?attachment_id=8228'><img loading=\"lazy\" decoding=\"async\" width=\"1209\" height=\"1196\" src=\"https:\/\/tosine.fi\/wp-content\/uploads\/2025\/01\/Tosine.jpeg\" class=\"attachment-full size-full\" alt=\"\" aria-describedby=\"gallery-1-8228\" srcset=\"https:\/\/tosine.fi\/wp-content\/uploads\/2025\/01\/Tosine.jpeg 1209w, https:\/\/tosine.fi\/wp-content\/uploads\/2025\/01\/Tosine-768x760.jpeg 768w, https:\/\/tosine.fi\/wp-content\/uploads\/2025\/01\/Tosine-100x100.jpeg 100w\" sizes=\"auto, 100vw\" \/><\/a>\n\t\t\t<\/div>\n\t\t\t\t<figcaption class='wp-caption-text gallery-caption' id='gallery-1-8228'>\n\t\t\t\tTosine\n\t\t\t\t<\/figcaption><\/figure><figure class='gallery-item'>\n\t\t\t<div class='gallery-icon landscape'>\n\t\t\t\t<a href='https:\/\/tosine.fi\/?attachment_id=8229'><img loading=\"lazy\" decoding=\"async\" width=\"1209\" height=\"1196\" src=\"https:\/\/tosine.fi\/wp-content\/uploads\/2025\/01\/Veni.jpeg\" class=\"attachment-full size-full\" alt=\"\" aria-describedby=\"gallery-1-8229\" srcset=\"https:\/\/tosine.fi\/wp-content\/uploads\/2025\/01\/Veni.jpeg 1209w, https:\/\/tosine.fi\/wp-content\/uploads\/2025\/01\/Veni-768x760.jpeg 768w, https:\/\/tosine.fi\/wp-content\/uploads\/2025\/01\/Veni-100x100.jpeg 100w\" sizes=\"auto, 100vw\" \/><\/a>\n\t\t\t<\/div>\n\t\t\t\t<figcaption class='wp-caption-text gallery-caption' id='gallery-1-8229'>\n\t\t\t\tVeni\n\t\t\t\t<\/figcaption><\/figure>\n\t\t<\/div>\n\n<div class=\"text_exposed_show\">\n<h5 class=\"cvGsUA direction-ltr align-justify para-style-body\"><span style=\"color: #000000;\"><strong><span class=\"OYPEnA font-feature-liga-off font-feature-clig-off font-feature-calt-off text-decoration-none text-strikethrough-none\">Yksitt\u00e4isen haalarimerkin hinta<\/span><span class=\"OYPEnA font-feature-liga-off font-feature-clig-off font-feature-calt-off text-decoration-none text-strikethrough-none\"> 3 \u20ac<\/span><span class=\"OYPEnA font-feature-liga-off font-feature-clig-off font-feature-calt-off text-decoration-none text-strikethrough-none\"> (<\/span><em><span class=\"OYPEnA font-feature-liga-off font-feature-clig-off font-feature-calt-off text-decoration-none text-strikethrough-none\">+ 1,6 \u20ac<\/span> <span class=\"OYPEnA font-feature-liga-off font-feature-clig-off font-feature-calt-off text-decoration-none text-strikethrough-none\">mahd. postikulut<\/span><\/em><span class=\"OYPEnA font-feature-liga-off font-feature-clig-off font-feature-calt-off text-decoration-none text-strikethrough-none\">)<\/span><\/strong><\/span><\/h5>\n<ul>\n<li class=\"cvGsUA direction-ltr align-justify para-style-body\"><span class=\"OYPEnA font-feature-liga-off font-feature-clig-off font-feature-calt-off text-decoration-none text-strikethrough-none\">Tiedustelut ja tilaukset osoitteeseen:<\/span>\n<ul>\n<li class=\"cvGsUA direction-ltr align-justify para-style-body\"><strong style=\"color: #000000; font-size: 0.8125rem; letter-spacing: 0.15em; text-transform: uppercase;\"><span class=\"OYPEnA font-feature-liga-off font-feature-clig-off font-feature-calt-off text-decoration-none text-strikethrough-none\">haalarimerkit.tosine (at) gmail.com<\/span><\/strong><\/li>\n<\/ul>\n<\/li>\n<li class=\"cvGsUA direction-ltr align-justify para-style-body\"><span class=\"OYPEnA font-feature-liga-off font-feature-clig-off font-feature-calt-off text-decoration-none text-strikethrough-none\">Tilausviestiin:<\/span>\n<ul>\n<li class=\"cvGsUA direction-ltr align-justify para-style-body\"><em><span class=\"OYPEnA font-feature-liga-off font-feature-clig-off font-feature-calt-off text-decoration-none text-strikethrough-none\">oma nimi<\/span><\/em><\/li>\n<li class=\"cvGsUA direction-ltr align-justify para-style-body\"><em><span class=\"OYPEnA font-feature-liga-off font-feature-clig-off font-feature-calt-off text-decoration-none text-strikethrough-none\">toimitusosoite <\/span><span class=\"OYPEnA font-feature-liga-off font-feature-clig-off font-feature-calt-off text-decoration-none text-strikethrough-none\">&amp;<\/span><span class=\"OYPEnA font-feature-liga-off font-feature-clig-off font-feature-calt-off text-decoration-none text-strikethrough-none\"> haluamasi merkit <\/span><span class=\"OYPEnA font-feature-liga-off font-feature-clig-off font-feature-calt-off text-decoration-none text-strikethrough-none\">sek\u00e4 <\/span><span class=\"OYPEnA font-feature-liga-off font-feature-clig-off font-feature-calt-off text-decoration-none text-strikethrough-none\">niiden m\u00e4\u00e4r\u00e4<\/span><\/em><span class=\"OYPEnA font-feature-liga-off font-feature-clig-off font-feature-calt-off text-decoration-none text-strikethrough-none\"><strong>.<\/strong><\/span><\/li>\n<\/ul>\n<\/li>\n<\/ul>\n<p>Vastausviestin\u00e4 saat maksuohjeet. Tilaus postitetaan, kun maksu n\u00e4kyy Tosineen tilill\u00e4 tai tilaaja esitt\u00e4\u00e4 maksukuitin. <span class=\"OYPEnA font-feature-liga-off font-feature-clig-off font-feature-calt-off text-decoration-none text-strikethrough-none\">Nouto mahdollinen sovitusti my\u00f6s Jyv\u00e4skyl\u00e4n yliopiston Historian-, ja etnologian laitokselta <em>(<\/em><\/span><em><span class=\"OYPEnA font-feature-liga-off font-feature-clig-off font-feature-calt-off text-decoration-none text-strikethrough-none\">Historica-rakennus, H101\/Tone-huone<\/span><\/em><span class=\"OYPEnA font-feature-liga-off font-feature-clig-off font-feature-calt-off text-decoration-none text-strikethrough-none\"><em>)<\/em>. T\u00e4ll\u00f6in postimaksua ei perit\u00e4. Kysyth\u00e4n t\u00e4st\u00e4 erikseen.<\/span><\/p>\n<p class=\"cvGsUA direction-ltr align-justify para-style-body\">\n<\/div>\n","protected":false},"excerpt":{"rendered":"<p>TOSINE RY:N KIITETYT JA KIISTELLYT HAALARIMERKIT &#8211; nyt sinunkin saatavillasi!\u00a0 Yksitt\u00e4isen haalarimerkin hinta 3 \u20ac (+ 1,6 \u20ac mahd. postikulut) Tiedustelut ja tilaukset osoitteeseen: haalarimerkit.tosine (at) gmail.com Tilausviestiin: oma nimi &hellip; <\/p>\n<p class=\"link-more\"><a href=\"https:\/\/tosine.fi\/?page_id=3912\" class=\"more-link\">Jatka lukemista<span class=\"screen-reader-text\"> &#8221;Haalarimerkit&#8221;<\/span><\/a><\/p>\n","protected":false},"author":1,"featured_media":0,"parent":0,"menu_order":8,"comment_status":"closed","ping_status":"closed","template":"","meta":{"footnotes":""},"class_list":["post-3912","page","type-page","status-publish","hentry"],"_links":{"self":[{"href":"https:\/\/tosine.fi\/index.php?rest_route=\/wp\/v2\/pages\/3912","targetHints":{"allow":["GET"]}}],"collection":[{"href":"https:\/\/tosine.fi\/index.php?rest_route=\/wp\/v2\/pages"}],"about":[{"href":"https:\/\/tosine.fi\/index.php?rest_route=\/wp\/v2\/types\/page"}],"author":[{"embeddable":true,"href":"https:\/\/tosine.fi\/index.php?rest_route=\/wp\/v2\/users\/1"}],"replies":[{"embeddable":true,"href":"https:\/\/tosine.fi\/index.php?rest_route=%2Fwp%2Fv2%2Fcomments&post=3912"}],"version-history":[{"count":27,"href":"https:\/\/tosine.fi\/index.php?rest_route=\/wp\/v2\/pages\/3912\/revisions"}],"predecessor-version":[{"id":8886,"href":"https:\/\/tosine.fi\/index.php?rest_route=\/wp\/v2\/pages\/3912\/revisions\/8886"}],"wp:attachment":[{"href":"https:\/\/tosine.fi\/index.php?rest_route=%2Fwp%2Fv2%2Fmedia&parent=3912"}],"curies":[{"name":"wp","href":"https:\/\/api.w.org\/{rel}","templated":true}]}}