{"id":4596,"date":"2017-08-03T17:32:30","date_gmt":"2017-08-03T14:32:30","guid":{"rendered":"http:\/\/tosine.fi\/?page_id=4596"},"modified":"2025-02-08T21:25:00","modified_gmt":"2025-02-08T19:25:00","slug":"toiminta","status":"publish","type":"page","link":"https:\/\/tosine.fi\/?page_id=4596","title":{"rendered":"Toiminta"},"content":{"rendered":"<p><strong>LIIKUNTA<\/strong><\/p>\n<p>Tosineella on perinteisesti ollut viikossa kaksi liikuntavuoroa ja vuorojen lis\u00e4ksi liikuntasektori j\u00e4rjest\u00e4\u00e4 erilaisia liikuntatapahtumia. Esimerkiksi kev\u00e4\u00e4ll\u00e4 2017 Tosineen j\u00e4senist\u00f6 sai mahdollisuuden tutustua tankotanssin saloihoin ja syksyll\u00e4 2017 tosinelaiset harjaantuivat Megazonen lasersodassa. 2022 liikuntasektori ja tapahtumasektori j\u00e4rjestiv\u00e4t yhteisty\u00f6ss\u00e4 Talvirieha-tapahtumaviikon, joka piti sis\u00e4ll\u00e4\u00e4n perinteisen Pulkalla pubiin -tapahtuman ja hankipalloa. Liikuntasektori osallistuu my\u00f6s turnauksiin, kisoihin ja erilaisiin otteluihin, kuten perinteikk\u00e4\u00e4seen lentopallo-otteluun historian ja etnologian laitoksen henkil\u00f6kuntaa vastaan.<\/p>\n<p><a href=\"https:\/\/jyy.fi\/tule-mukaan\/jarjesto-ja-harrastustoiminta\/liikunta-luonto-ja-retkeily\/\">JYYn liikuntatoiminta<\/a><\/p>\n<p><strong>EDUNVALVONTA JA SOSIAALIPOLITIIKKA<\/strong><\/p>\n<p>Koulutuspolitiikka (kopo) ja sosiaalipolitiikka (sopo) ovat pitk\u00e4lti edunvalvonnallisia sektoreita. Tosineella on kaksi koulutus- ja sosiaalipoliittista vastaavaa (koposopoa), jotka vastaavat yhdess\u00e4 molemmista alueista. Koposopot osallistuvat Jyv\u00e4skyl\u00e4n yliopiston ylioppilaskunnan (JYYn) kopo-foorumeihin, joissa keskustellaan poikkitieteellisesti koulutus- ja sosiaalipoliittisista asioista. Koposopot ovat my\u00f6s mukana historian ja etnologian laitoksella tapahtuvassa kehitysty\u00f6ss\u00e4 opetuksen kehitt\u00e4misen ty\u00f6ryhm\u00e4n sek\u00e4 opetusty\u00f6pajojen kautta.<\/p>\n<p>Koulutuspoliittisella sektorilla t\u00e4rkeimp\u00e4n\u00e4 teht\u00e4v\u00e4n\u00e4 on hoitaa opiskelijoiden edunvalvontaa. Jos esimerkiksi kohtaa opinnoissaan ep\u00e4tasa-arvoista kohtelua tai muita laiminly\u00f6ntej\u00e4, voi ottaa yhteytt\u00e4 ainej\u00e4rjest\u00f6n kopoon, jonka teht\u00e4v\u00e4n\u00e4 on l\u00e4hte\u00e4 viem\u00e4\u00e4n asiaa eteenp\u00e4in asian selvitt\u00e4miseksi. T\u00e4llaisia laiminly\u00f6ntej\u00e4 voivat olla esimerkiksi my\u00f6h\u00e4styneet kurssiarvostelut tai riitt\u00e4m\u00e4tt\u00f6m\u00e4n ohjauksen tai ohjeiden saaminen. Kopot neuvovat my\u00f6s mielell\u00e4\u00e4n opinnoissa askarruttavissa asioissa tai ohjaavat tarvittaessa asiasta vastaavan henkil\u00f6n luokse. Edunvalvonnan er\u00e4\u00e4n\u00e4 puolena on my\u00f6s j\u00e4senist\u00f6n tiedottaminen oikeuksistaan sek\u00e4 velvollisuuksistaan, jotta j\u00e4senet tunnistavat n\u00e4iss\u00e4 tapahtuvat mahdolliset laiminly\u00f6nnit<\/p>\n<p>Sosiaalipoliittinen sektori pit\u00e4\u00e4 sis\u00e4ll\u00e4\u00e4n oikeastaan kaiken opiskelijan hyvinvointiin liittyv\u00e4n. Ainej\u00e4rjest\u00f6n sopo-vastaava tuntee oikeat henkil\u00f6t, joihin voi turvautua erilaisissa ongelmatilanteissa. N\u00e4it\u00e4 voisivat olla esimerkiksi terveyteen, toimeentuloon, kiusaamiseen, syrjint\u00e4\u00e4n tai ep\u00e4asialliseen kohteluun liittyv\u00e4t tapaukset. Soposektorilla pyrit\u00e4\u00e4n j\u00e4rjest\u00e4m\u00e4\u00e4n hyvinvointia tukevia tapahtumia, kuten retkip\u00e4ivi\u00e4 tai ainej\u00e4rjest\u00f6n yhteist\u00e4 lenkkeily\u00e4, jossa voidaan puida ainej\u00e4rjest\u00f6n askarruttavia asioita tai muita ajankohtaisia kysymyksi\u00e4.<\/p>\n<p><a href=\"https:\/\/jyy.fi\/opiskelijalle\/oikeudet-ja-velvollisuudet\/\">JYY: opiskelijan oikeudet ja velvollisuudet<\/a><\/p>\n<p><a href=\"https:\/\/jyy.fi\/opiskelijalle\/hyvinvointi\/\">JYY: opiskelijan hyvinvointi<\/a><\/p>\n<p><a href=\"https:\/\/www.facebook.com\/groups\/683064818470693\/\">Tosineen verenluovutusryhm\u00e4<\/a><\/p>\n<p><strong>KULTTUURI<\/strong><\/p>\n<p>Tosineen hallituksen kulttuuri- ja ekskursiovastaava tiedottaa j\u00e4senist\u00f6lle Jyv\u00e4skyl\u00e4n monipuolisesta kulttuuritarjonnasta. Kulttuuritarjonnasta tiedottamisessa painotetaan opiskelijayst\u00e4v\u00e4llist\u00e4 budjettia ja helposti l\u00e4hestytt\u00e4vyytt\u00e4, jotta mahdollisimman moni voisi osallistua.<\/p>\n<p>Kulttuurisektori j\u00e4rjest\u00e4\u00e4 my\u00f6s ekskursioita erilaisiin kohteisiin. Esimerkiksi maaliskuussa 2016 Tosine vieraili M\u00e4nt\u00e4ss\u00e4 Serlachius-museossa ja syksyll\u00e4 2016 Tikkakoskella Suomen ilmavoimamuseossa. Vuoden 2018 kev\u00e4\u00e4ll\u00e4 tosinelaisilla oli mahdollisuus osallistua ulkomaan ekskursioon ja ottaa suunnaksi Budapest. Syksyll\u00e4 2021 Tosine vieraili j\u00e4lleen Tikkakoskella ilmailumuseossa sek\u00e4 teki vierailun Jyv\u00e4skyl\u00e4n seudun museoihin. Joulukuussa 2021 ja 2022 tehtiin my\u00f6s ekskursio Rukalle.<\/p>\n<p><a href=\"https:\/\/jyy.fi\/tule-mukaan\/kulttuuritoiminta\/\">JYY: kulttuuritoiminta<\/a><\/p>\n<p><strong>KANSAINV\u00c4LISYYS<\/strong><\/p>\n<p>Sector of International Affairs operates as a link between Tosine, exchange students, the department and Subcommittee of International Affairs. The correspondent arranges events where Finnish and international students can meet, integrates exchange students into Tosine\u2019s activities and informs members of the possibilities for becoming international both in Jyv\u00e4skyl\u00e4 and abroad.<br \/>\nEvents in the international sector include for example Sweet friending (international speed friending &amp; Finnish pastry), Exchange studies info in co-operation with the faculty coordinator and info for incoming exchange students both in the spring and autumn semester. In addition international affairs coordinator makes sure that the general Tosine events have descriptions and information also in English.<\/p>\n<p><a href=\"https:\/\/www.jyu.fi\/hytk\/fi\/laitokset\/hela\/en\">JYU Department of History and Ethnology Internationals<\/a><\/p>\n<p><a href=\"https:\/\/www.facebook.com\/groups\/361336120700464\/?fref=ts\">Departments Facebook<\/a><\/p>\n<p><strong>YMP\u00c4RIST\u00d6<\/strong><\/p>\n<p>Tosine huomioi toiminnassaan ymp\u00e4rist\u00f6yst\u00e4v\u00e4llisyyden ja ekologisuuden. Opiskelijatiloissamme ja tapahtumissamme pyrit\u00e4\u00e4n v\u00e4hent\u00e4m\u00e4\u00e4n j\u00e4tteit\u00e4 ja panostetaan kierr\u00e4tykseen. Meilt\u00e4 l\u00f6ytyy oma kestoastiat ja olemme stoutuneet Jyv\u00e4skyl\u00e4n yliopiston Reilun Kaupan korkeakoulu -projektiin. Lis\u00e4ksi ainej\u00e4rjest\u00f6mme osallistuu ymp\u00e4rist\u00f6toimintaan JYYn ymp\u00e4rist\u00f6valiokunnan kautta.<\/p>\n<p><a href=\"https:\/\/jyy.fi\/opiskelijalle\/kestava-kehitys\/\">JYY: kest\u00e4v\u00e4 kehitys ja ymp\u00e4rist\u00f6<\/a><\/p>\n<p><strong>TAPAHTUMAT<\/strong><\/p>\n<p>Tapahtumasektori j\u00e4rjest\u00e4\u00e4 aktiivisesti ja monipuolisesti erilaisia tapahtumia. Tosine ry:n tapahtumia koordinoi ja j\u00e4rjest\u00e4\u00e4 yksi tapahtumavastaava ja h\u00e4nen apunaan kolmen hengen tapahtumatiimi. Yhteisty\u00f6 muiden ainej\u00e4rjest\u00f6jen kanssa on t\u00e4rke\u00e4 osa Tosineen tapahtumia, monipuolisten omien tapahtumien lis\u00e4ksi.<\/p>\n<p>Tosineen tapahtumavuoden voidaan katsoa kulkevan vuodesta toiseen samoihin teemoihin nojaten, kuitenkin uusia tapahtumia luoden ja toisinaan vanhoja muokaten, riippuen j\u00e4senist\u00f6n toiveista ja kiinnostuksesta. Tapahtumien j\u00e4rjest\u00e4misess\u00e4 huomioidaan niin vanhojen kuin uusienkin j\u00e4senten toiveet. My\u00f6s p\u00e4ihteett\u00f6m\u00e4t osallistujat huomioidaan. Joidenkin tapahtumien j\u00e4rjestysvastuu on tietyll\u00e4 vuosikurssilla, jotta monipuolisuutta ei puuttuisi ja j\u00e4senist\u00f6 p\u00e4\u00e4see j\u00e4rjest\u00e4m\u00e4\u00e4n my\u00f6s omann\u00e4k\u00f6isi\u00e4 tapahtumia.<\/p>\n<p>Tosineen tapahtumia ovat perinteisesti olleet muun muassa:<\/p>\n<ul>\n<li>Syksy alkaa perinteisesti Tosineen <strong>fuksiaisilla<\/strong>, joista on vastuussa toisen vuosikurssin opiskelijat. Fuksiaisissa integroidaan fukseja hyv\u00e4n maun rajoissa Tosineen ainej\u00e4rjest\u00f6\u00f6n, ja tarkoitus on my\u00f6s tutustuttaa ainej\u00e4rjest\u00f6n vanhempia opiskelijoita toisiinsa entisest\u00e4\u00e4n.<\/li>\n<li><strong>Syyskokous<\/strong>, jossa valitaan ainej\u00e4rjest\u00f6lle uusi hallitus, j\u00e4rjestet\u00e4\u00e4n usein loka-marraskuun vaihteessa.<\/li>\n<li>Tosine j\u00e4rjest\u00e4\u00e4 joko omana j\u00e4rjest\u00f6n\u00e4\u00e4n tai yhteisty\u00f6ss\u00e4 jonkun muun ainej\u00e4rjest\u00f6n kanssa 1-2 <strong>sitsit<\/strong>. Sitsit ovat akateeminen p\u00f6yt\u00e4juhla, jossa lauletaan juomalauluja ja sy\u00f6d\u00e4\u00e4n ja juodaan.<\/li>\n<li><strong>Vuosijuhlat<\/strong> j\u00e4rjestet\u00e4\u00e4n my\u00f6s loka-marraskuussa ja ovat Tosineen tapahtumakalenterin suurin ja merkitt\u00e4vin juhla!<\/li>\n<li>Fuksit j\u00e4rjest\u00e4v\u00e4t marras-joulukuussa <strong>pikkujoulut<\/strong> koko tosinistiporukalle.<\/li>\n<li>Vuosina 2014-2017 on j\u00e4rjestetty my\u00f6s <strong>Tosine-risteily <\/strong>ja vuonna 2018 ja 2019 j\u00e4rjestettiin\u00a0<strong>Historian Opiskelijain Liiton\u00a0<\/strong>risteily, joka uusittiin kev\u00e4\u00e4ll\u00e4 2022.<\/li>\n<li>Kev\u00e4\u00e4n lukukausi alkaa <strong>Tammil\u00f6ys\u00e4ily<\/strong>-tapahtumalla, jossa saunotaan ja vaihdetaan kuulumisia pitk\u00e4n joululoman j\u00e4lkeen.<\/li>\n<li>Tammi-helmikuussa j\u00e4rjestet\u00e4\u00e4n <strong>kev\u00e4tkokous<\/strong>, jossa vapautetaan vanha hallitus vastuusta ja juhlistetaan t\u00e4t\u00e4 asiaankuuluvalla tavalla.<\/li>\n<li><strong>Pubibussi<\/strong> j\u00e4rjestet\u00e4\u00e4n huhtikuussa yhteisty\u00f6ss\u00e4 journalistiikan opiskelijoiden ainej\u00e4rjest\u00f6 L\u00f6\u00f6ppi ry:n kanssa. Pubibussi on yksi Tosineen legendaarisimmista ja pitk\u00e4aikaisimmista tapahtumista!<\/li>\n<li>Kev\u00e4\u00e4n aikana j\u00e4rjestet\u00e4\u00e4n my\u00f6s <strong>sitsit<\/strong>, usein yhteisty\u00f6ss\u00e4 jonkin toisen ainej\u00e4rjest\u00f6n kanssa.<\/li>\n<\/ul>\n<p>Tapahtumia j\u00e4rjestett\u00e4ess\u00e4 huomioidaan p\u00e4ihteett\u00f6m\u00e4t j\u00e4senet sek\u00e4 esteett\u00f6myys-, tasa-arvo ja yhdenvertaisuusn\u00e4k\u00f6kulmat. P\u00e4ihteett\u00f6min\u00e4 tapahtumina on j\u00e4rjestetty esimerkiksi yhteist\u00e4 haalarimerkkien ompelua. Tapahtumien hinnat pyrit\u00e4\u00e4n my\u00f6s pit\u00e4m\u00e4\u00e4n kohtuullisina, jotta mahdollisimman monella j\u00e4senell\u00e4 olisi mahdollisuus osallistua tapahtumiin oman halunsa mukaan. Tosine j\u00e4rjest\u00e4\u00e4 my\u00f6s ilmaisia tapahtumia.Tapahtumat pyrit\u00e4\u00e4n ajoittamaan niin, ettei poikkitieteellisi\u00e4 juhlia sattuisi samoihin ajankohtiin ja samalla my\u00f6s huomioidaan esimerkiksi yleiset tenttip\u00e4iv\u00e4t.<\/p>\n<p>Kaikki ideat ja kehitysehdotukset ovat enemm\u00e4n kuin tervetulleita ja haluamme rakentaa tapahtumasektorista ja tapahtumista juuri j\u00e4seniemme n\u00e4k\u00f6isen!<\/p>\n<p><strong>MUKAAN TOIMINTAAN? <\/strong><\/p>\n<p>Jos erilaiset tapahtumat eiv\u00e4t ole niin sinun juttusi ja kaipaat rentoa hengailutilaa, jossa tavata muita tosinisteja, kannattaa ehdottomasti muistaa hy\u00f6dynt\u00e4\u00e4 Tone-huonetta!<\/p>\n<p>&nbsp;<\/p>\n<p><strong>JYV\u00c4SKYL\u00c4N YLIOPISTON HISTORIAN ALUMNIT<\/strong><\/p>\n<p><a href=\"https:\/\/jalkiviisaat.fi\/\">J\u00e4lkiviisaat ry<\/a><\/p>\n<p>J\u00e4lkiviisaat on 2017 perustettu yhdistys, jonka toiminnan tarkoituksena on tuoda yhteen Jyv\u00e4skyl\u00e4n yliopiston historian oppiaineiden alumneja yhteisen rennon ajanvieton, opiskeluaikojen muistelun ja historioitsijoiden ty\u00f6el\u00e4m\u00e4\u00e4n liittyvien tapahtumien muodossa. Yhdistys pyrkii toiminnallaan edist\u00e4m\u00e4\u00e4n alumnien vuorovaikutusta Jyv\u00e4skyl\u00e4n yliopiston historian ja etnologian laitoksen, historian opiskelijoiden ainej\u00e4rjest\u00f6 Tosine ry:n sek\u00e4 muiden toimintansa n\u00e4k\u00f6kulmasta olennaisten tahojen kanssa.<\/p>\n","protected":false},"excerpt":{"rendered":"<p>LIIKUNTA Tosineella on perinteisesti ollut viikossa kaksi liikuntavuoroa ja vuorojen lis\u00e4ksi liikuntasektori j\u00e4rjest\u00e4\u00e4 erilaisia liikuntatapahtumia. Esimerkiksi kev\u00e4\u00e4ll\u00e4 2017 Tosineen j\u00e4senist\u00f6 sai mahdollisuuden tutustua tankotanssin saloihoin ja syksyll\u00e4 2017 tosinelaiset harjaantuivat &hellip; <\/p>\n<p class=\"link-more\"><a href=\"https:\/\/tosine.fi\/?page_id=4596\" class=\"more-link\">Jatka lukemista<span class=\"screen-reader-text\"> &#8221;Toiminta&#8221;<\/span><\/a><\/p>\n","protected":false},"author":1,"featured_media":0,"parent":2,"menu_order":0,"comment_status":"closed","ping_status":"closed","template":"","meta":{"footnotes":""},"class_list":["post-4596","page","type-page","status-publish","hentry"],"_links":{"self":[{"href":"https:\/\/tosine.fi\/index.php?rest_route=\/wp\/v2\/pages\/4596","targetHints":{"allow":["GET"]}}],"collection":[{"href":"https:\/\/tosine.fi\/index.php?rest_route=\/wp\/v2\/pages"}],"about":[{"href":"https:\/\/tosine.fi\/index.php?rest_route=\/wp\/v2\/types\/page"}],"author":[{"embeddable":true,"href":"https:\/\/tosine.fi\/index.php?rest_route=\/wp\/v2\/users\/1"}],"replies":[{"embeddable":true,"href":"https:\/\/tosine.fi\/index.php?rest_route=%2Fwp%2Fv2%2Fcomments&post=4596"}],"version-history":[{"count":35,"href":"https:\/\/tosine.fi\/index.php?rest_route=\/wp\/v2\/pages\/4596\/revisions"}],"predecessor-version":[{"id":8376,"href":"https:\/\/tosine.fi\/index.php?rest_route=\/wp\/v2\/pages\/4596\/revisions\/8376"}],"up":[{"embeddable":true,"href":"https:\/\/tosine.fi\/index.php?rest_route=\/wp\/v2\/pages\/2"}],"wp:attachment":[{"href":"https:\/\/tosine.fi\/index.php?rest_route=%2Fwp%2Fv2%2Fmedia&parent=4596"}],"curies":[{"name":"wp","href":"https:\/\/api.w.org\/{rel}","templated":true}]}}