{"id":5541,"date":"2018-11-16T21:18:01","date_gmt":"2018-11-16T19:18:01","guid":{"rendered":"http:\/\/tosine.fi\/?page_id=5541"},"modified":"2018-11-16T21:18:24","modified_gmt":"2018-11-16T19:18:24","slug":"tapahtumien-ilmoittautumisen-pelisaannot","status":"publish","type":"page","link":"https:\/\/tosine.fi\/?page_id=5541","title":{"rendered":"Tapahtumien ilmoittautumisen pelis\u00e4\u00e4nn\u00f6t"},"content":{"rendered":"<p>T\u00e4lt\u00e4 sivulta l\u00f6yd\u00e4t Tosineen tapahtumien <a href=\"http:\/\/tosine.fi\/wp-content\/uploads\/2018\/11\/Ilmoittautumisen-pelis\u00e4\u00e4nn\u00f6t.pdf\">Ilmoittautumisen pelis\u00e4\u00e4nn\u00f6t<\/a><\/p>\n<h1 style=\"text-align: center;\">Ilmoittautumisen pelis\u00e4\u00e4nn\u00f6t<\/h1>\n<p style=\"text-align: left;\">Ilmoittautumisen pelis\u00e4\u00e4nn\u00f6t ovat sitovia hallituksen linjauksia. Kun ilmoittaudut Tosineen j\u00e4rjest\u00e4m\u00e4\u00e4n tapahtumaan, sitoudut noudattamaan seuraavia ehtoja:<\/p>\n<p style=\"text-align: left;\">-Tosineen j\u00e4senet ovat etusijalla, mik\u00e4li tapahtumassa on rajoitettu m\u00e4\u00e4r\u00e4 paikkoja.<\/p>\n<p>-Ilmoittautunut on sitoutunut maksamaan tapahtuman mahdollisen osallistumismaksun ilmoitetulle tilille vaaditulla viitteell\u00e4\/viestill\u00e4 tai muulla ilmoitetulla tavalla er\u00e4p\u00e4iv\u00e4\u00e4n menness\u00e4.<\/p>\n<p style=\"text-align: left;\">-Ilmoittautuminen tulee perua ilmoittautumisajan p\u00e4\u00e4ttymiseen menness\u00e4. Mik\u00e4li ilmoittautunut joutuu perumaan tapahtumaan osallistumisensa ilmoittautumisajan p\u00e4\u00e4tytty\u00e4 (esimerkiksi sairastapaukset ja muut vastaavat), on h\u00e4nen ilmoitettava t\u00e4st\u00e4 tapahtumanj\u00e4rjest\u00e4j\u00e4lle.<\/p>\n<p style=\"text-align: left;\">-Mik\u00e4li peruuttamista ei hoideta ilmoittautumisajan puitteissa, on ilmoittautunut velvoitettu maksamaan osallistumismaksun, vaikkei tapahtumaan osallistuisikaan.<\/p>\n<p style=\"text-align: left;\">-Ilmoittautumisajan p\u00e4\u00e4tytty\u00e4 ilmoittautunut henkil\u00f6 voi myyd\u00e4 oman paikkansa eteenp\u00e4in (pois lukien erikseen ilmoitetut tapahtumat, joissa henkil\u00f6kohtaiset tiedot relevantteja, ilmoitetaan erikseen).<\/p>\n<p style=\"text-align: left;\">-Alkuper\u00e4inen ilmoittautuja on velvollinen v\u00e4litt\u00e4\u00e4 maksuohjeet ostajalle ja h\u00e4n on vastuussa, mik\u00e4li ostaja ei maksa laskua. Uuden osallistujan tiedot tulee ilmoittaa tapahtumanj\u00e4rjest\u00e4j\u00e4lle.<\/p>\n<p style=\"text-align: left;\">-Tosineen tapahtumissa kuvattuja kuvia julkaistaan Tosineen omissa sosiaalisen median kanavissa, kuten Facebookissa ja Instagramissa sek\u00e4 Tosineen nettisivujen kuvagalleriassa salasanan takana. Ilmoitathan tapahtumanj\u00e4rjest\u00e4j\u00e4lle tai Tosineen tiedottajalle, mik\u00e4li et halua, ett\u00e4 omia kuvia julkaistaan.<\/p>\n<p style=\"text-align: left;\">-Esimerkiksi ulkomaanekskursioissa ja risteilyiss\u00e4 ilmoittautumisohjeet voivat olla erilaiset. N\u00e4ist\u00e4 ilmoitetaan aina tapahtumakohtaisesti.<\/p>\n","protected":false},"excerpt":{"rendered":"<p>T\u00e4lt\u00e4 sivulta l\u00f6yd\u00e4t Tosineen tapahtumien Ilmoittautumisen pelis\u00e4\u00e4nn\u00f6t Ilmoittautumisen pelis\u00e4\u00e4nn\u00f6t Ilmoittautumisen pelis\u00e4\u00e4nn\u00f6t ovat sitovia hallituksen linjauksia. Kun ilmoittaudut Tosineen j\u00e4rjest\u00e4m\u00e4\u00e4n tapahtumaan, sitoudut noudattamaan seuraavia ehtoja: -Tosineen j\u00e4senet ovat etusijalla, mik\u00e4li tapahtumassa &hellip; <\/p>\n<p class=\"link-more\"><a href=\"https:\/\/tosine.fi\/?page_id=5541\" class=\"more-link\">Jatka lukemista<span class=\"screen-reader-text\"> &#8221;Tapahtumien ilmoittautumisen pelis\u00e4\u00e4nn\u00f6t&#8221;<\/span><\/a><\/p>\n","protected":false},"author":1,"featured_media":0,"parent":2,"menu_order":7,"comment_status":"closed","ping_status":"closed","template":"","meta":{"footnotes":""},"class_list":["post-5541","page","type-page","status-publish","hentry"],"_links":{"self":[{"href":"https:\/\/tosine.fi\/index.php?rest_route=\/wp\/v2\/pages\/5541","targetHints":{"allow":["GET"]}}],"collection":[{"href":"https:\/\/tosine.fi\/index.php?rest_route=\/wp\/v2\/pages"}],"about":[{"href":"https:\/\/tosine.fi\/index.php?rest_route=\/wp\/v2\/types\/page"}],"author":[{"embeddable":true,"href":"https:\/\/tosine.fi\/index.php?rest_route=\/wp\/v2\/users\/1"}],"replies":[{"embeddable":true,"href":"https:\/\/tosine.fi\/index.php?rest_route=%2Fwp%2Fv2%2Fcomments&post=5541"}],"version-history":[{"count":2,"href":"https:\/\/tosine.fi\/index.php?rest_route=\/wp\/v2\/pages\/5541\/revisions"}],"predecessor-version":[{"id":5543,"href":"https:\/\/tosine.fi\/index.php?rest_route=\/wp\/v2\/pages\/5541\/revisions\/5543"}],"up":[{"embeddable":true,"href":"https:\/\/tosine.fi\/index.php?rest_route=\/wp\/v2\/pages\/2"}],"wp:attachment":[{"href":"https:\/\/tosine.fi\/index.php?rest_route=%2Fwp%2Fv2%2Fmedia&parent=5541"}],"curies":[{"name":"wp","href":"https:\/\/api.w.org\/{rel}","templated":true}]}}